{"id":157,"date":"2025-12-19T17:55:59","date_gmt":"2025-12-19T17:55:59","guid":{"rendered":"https:\/\/lp.tropilha.com.br\/?page_id=157"},"modified":"2025-12-19T18:06:29","modified_gmt":"2025-12-19T18:06:29","slug":"blog","status":"publish","type":"page","link":"https:\/\/lp.tropilha.com.br\/?page_id=157","title":{"rendered":"Blog"},"content":{"rendered":"\t\t<div data-elementor-type=\"wp-page\" data-elementor-id=\"157\" class=\"elementor elementor-157\" data-elementor-post-type=\"page\">\n\t\t\t\t<div class=\"elementor-element elementor-element-378777f e-flex e-con-boxed e-con e-parent\" data-id=\"378777f\" data-element_type=\"container\">\n\t\t\t\t\t<div class=\"e-con-inner\">\n\t\t\t\t<div class=\"elementor-element elementor-element-66af34e elementor-widget elementor-widget-heading\" data-id=\"66af34e\" data-element_type=\"widget\" data-widget_type=\"heading.default\">\n\t\t\t\t\t<h2 class=\"elementor-heading-title elementor-size-default\">Blog<\/h2>\t\t\t\t<\/div>\n\t\t\t\t<div class=\"elementor-element elementor-element-ae9496a elementor-grid-3 elementor-grid-tablet-2 elementor-grid-mobile-1 elementor-posts--thumbnail-top elementor-posts--show-avatar elementor-card-shadow-yes elementor-posts__hover-gradient elementor-widget elementor-widget-posts\" data-id=\"ae9496a\" data-element_type=\"widget\" data-settings=\"{&quot;cards_masonry&quot;:&quot;yes&quot;,&quot;cards_columns&quot;:&quot;3&quot;,&quot;cards_columns_tablet&quot;:&quot;2&quot;,&quot;cards_columns_mobile&quot;:&quot;1&quot;,&quot;cards_row_gap&quot;:{&quot;unit&quot;:&quot;px&quot;,&quot;size&quot;:35,&quot;sizes&quot;:[]},&quot;cards_row_gap_tablet&quot;:{&quot;unit&quot;:&quot;px&quot;,&quot;size&quot;:&quot;&quot;,&quot;sizes&quot;:[]},&quot;cards_row_gap_mobile&quot;:{&quot;unit&quot;:&quot;px&quot;,&quot;size&quot;:&quot;&quot;,&quot;sizes&quot;:[]}}\" data-widget_type=\"posts.cards\">\n\t\t\t\t<div class=\"elementor-widget-container\">\n\t\t\t\t\t\t\t<div class=\"elementor-posts-container elementor-posts elementor-posts--skin-cards elementor-grid\" role=\"list\">\n\t\t\t\t<article class=\"elementor-post elementor-grid-item post-223 post type-post status-publish format-standard has-post-thumbnail hentry category-posts category-rodizio tag-churrascaria-rodizio-curitiba tag-melhor-churrascaria-curitiba tag-melhor-rodizio-curitiba tag-melhor-rodizio-de-carne tag-rodizio-em-curitiba\" role=\"listitem\">\n\t\t\t<div class=\"elementor-post__card\">\n\t\t\t\t<a class=\"elementor-post__thumbnail__link\" href=\"https:\/\/lp.tropilha.com.br\/?p=223\" tabindex=\"-1\" ><div class=\"elementor-post__thumbnail\"><img decoding=\"async\" width=\"300\" height=\"160\" src=\"https:\/\/lp.tropilha.com.br\/wp-content\/uploads\/2026\/04\/Rodizio-de-churrasco.jpg\" class=\"attachment-medium size-medium wp-image-229\" alt=\"Rod\u00edzio de churrasco\" \/><\/div><\/a>\n\t\t\t\t<div class=\"elementor-post__avatar\">\n\t\t\t<img alt='HSG' src='https:\/\/lp.tropilha.com.br\/wp-content\/uploads\/2026\/01\/hsg_avatar_1-128x128.png' srcset='https:\/\/lp.tropilha.com.br\/wp-content\/uploads\/2026\/01\/hsg_avatar_1-256x256.png 2x' class='avatar avatar-128 photo' height='128' width='128' \/>\t\t<\/div>\n\t\t\t\t<div class=\"elementor-post__text\">\n\t\t\t\t<h3 class=\"elementor-post__title\">\n\t\t\t<a href=\"https:\/\/lp.tropilha.com.br\/?p=223\" >\n\t\t\t\tRod\u00edzio de churrasco ou \u00e0 la carte: qual vale mais a pena em Curitiba?\t\t\t<\/a>\n\t\t<\/h3>\n\t\t\t\t<div class=\"elementor-post__excerpt\">\n\t\t\t<p>A escolha entre rod\u00edzio de churrasco ou \u00e0 la carte depende do seu objetivo na refei\u00e7\u00e3o: enquanto o rod\u00edzio oferece variedade de carnes \u00e0 vontade<\/p>\n\t\t<\/div>\n\t\t\n\t\t<a class=\"elementor-post__read-more\" href=\"https:\/\/lp.tropilha.com.br\/?p=223\" aria-label=\"Leia mais sobre Rod\u00edzio de churrasco ou \u00e0 la carte: qual vale mais a pena em Curitiba?\" tabindex=\"-1\" >\n\t\t\tLeia mais \u00bb\t\t<\/a>\n\n\t\t\t\t<\/div>\n\t\t\t\t<div class=\"elementor-post__meta-data\">\n\t\t\t\t\t<span class=\"elementor-post-date\">\n\t\t\tabril 16, 2026\t\t<\/span>\n\t\t\t\t<span class=\"elementor-post-avatar\">\n\t\t\tNenhum coment\u00e1rio\t\t<\/span>\n\t\t\t\t<\/div>\n\t\t\t\t\t<\/div>\n\t\t<\/article>\n\t\t\t\t<article class=\"elementor-post elementor-grid-item post-219 post type-post status-publish format-standard has-post-thumbnail hentry category-uncategorized tag-churrascaria-em-curitiba tag-churrascaria-rodizio-curitiba tag-melhor-churrascaria-curitiba tag-melhor-rodizio-curitiba tag-rodizio-em-curitiba\" role=\"listitem\">\n\t\t\t<div class=\"elementor-post__card\">\n\t\t\t\t<a class=\"elementor-post__thumbnail__link\" href=\"https:\/\/lp.tropilha.com.br\/?p=219\" tabindex=\"-1\" ><div class=\"elementor-post__thumbnail\"><img fetchpriority=\"high\" decoding=\"async\" width=\"225\" height=\"300\" src=\"https:\/\/lp.tropilha.com.br\/wp-content\/uploads\/2026\/03\/churrascaria-boa-em-Curitiba-225x300.jpg\" class=\"attachment-medium size-medium wp-image-220\" alt=\"churrascaria boa em Curitiba\" srcset=\"https:\/\/lp.tropilha.com.br\/wp-content\/uploads\/2026\/03\/churrascaria-boa-em-Curitiba-225x300.jpg 225w, https:\/\/lp.tropilha.com.br\/wp-content\/uploads\/2026\/03\/churrascaria-boa-em-Curitiba.jpg 750w\" sizes=\"(max-width: 225px) 100vw, 225px\" \/><\/div><\/a>\n\t\t\t\t<div class=\"elementor-post__avatar\">\n\t\t\t<img alt='HSG' src='https:\/\/lp.tropilha.com.br\/wp-content\/uploads\/2026\/01\/hsg_avatar_1-128x128.png' srcset='https:\/\/lp.tropilha.com.br\/wp-content\/uploads\/2026\/01\/hsg_avatar_1-256x256.png 2x' class='avatar avatar-128 photo' height='128' width='128' \/>\t\t<\/div>\n\t\t\t\t<div class=\"elementor-post__text\">\n\t\t\t\t<h3 class=\"elementor-post__title\">\n\t\t\t<a href=\"https:\/\/lp.tropilha.com.br\/?p=219\" >\n\t\t\t\tComo escolher uma boa churrascaria? 7 motivos que mostram quando vale a pena\t\t\t<\/a>\n\t\t<\/h3>\n\t\t\t\t<div class=\"elementor-post__excerpt\">\n\t\t\t<p>Escolher uma boa churrascaria em Curitiba depende de alguns fatores essenciais, como qualidade das carnes, variedade do rod\u00edzio, estrutura do ambiente e custo-benef\u00edcio. Em Curitiba,<\/p>\n\t\t<\/div>\n\t\t\n\t\t<a class=\"elementor-post__read-more\" href=\"https:\/\/lp.tropilha.com.br\/?p=219\" aria-label=\"Leia mais sobre Como escolher uma boa churrascaria? 7 motivos que mostram quando vale a pena\" tabindex=\"-1\" >\n\t\t\tLeia mais \u00bb\t\t<\/a>\n\n\t\t\t\t<\/div>\n\t\t\t\t<div class=\"elementor-post__meta-data\">\n\t\t\t\t\t<span class=\"elementor-post-date\">\n\t\t\tmar\u00e7o 27, 2026\t\t<\/span>\n\t\t\t\t<span class=\"elementor-post-avatar\">\n\t\t\tNenhum coment\u00e1rio\t\t<\/span>\n\t\t\t\t<\/div>\n\t\t\t\t\t<\/div>\n\t\t<\/article>\n\t\t\t\t<article class=\"elementor-post elementor-grid-item post-214 post type-post status-publish format-standard has-post-thumbnail hentry category-posts category-rodizio tag-churrascaria-bom-preco-curitiba tag-churrascaria-com-buffet-curitiba tag-churrascaria-com-sushi-curitiba tag-churrascaria-custo-beneficio-curitiba tag-churrascaria-rodizio-curitiba tag-melhor-churrascaria-curitiba tag-melhor-restaurante-para-comemorar-em-curitiba tag-rodizio-bom-e-barato-em-curitiba\" role=\"listitem\">\n\t\t\t<div class=\"elementor-post__card\">\n\t\t\t\t<a class=\"elementor-post__thumbnail__link\" href=\"https:\/\/lp.tropilha.com.br\/?p=214\" tabindex=\"-1\" ><div class=\"elementor-post__thumbnail\"><img decoding=\"async\" width=\"300\" height=\"203\" src=\"https:\/\/lp.tropilha.com.br\/wp-content\/uploads\/2025\/12\/bg-300x203.png\" class=\"attachment-medium size-medium wp-image-12\" alt=\"Churrascaria em Curitiba\" srcset=\"https:\/\/lp.tropilha.com.br\/wp-content\/uploads\/2025\/12\/bg-300x203.png 300w, https:\/\/lp.tropilha.com.br\/wp-content\/uploads\/2025\/12\/bg-1024x691.png 1024w, https:\/\/lp.tropilha.com.br\/wp-content\/uploads\/2025\/12\/bg-768x518.png 768w, https:\/\/lp.tropilha.com.br\/wp-content\/uploads\/2025\/12\/bg-1536x1037.png 1536w, https:\/\/lp.tropilha.com.br\/wp-content\/uploads\/2025\/12\/bg.png 1600w\" sizes=\"(max-width: 300px) 100vw, 300px\" \/><\/div><\/a>\n\t\t\t\t<div class=\"elementor-post__avatar\">\n\t\t\t<img alt='HSG' src='https:\/\/lp.tropilha.com.br\/wp-content\/uploads\/2026\/01\/hsg_avatar_1-128x128.png' srcset='https:\/\/lp.tropilha.com.br\/wp-content\/uploads\/2026\/01\/hsg_avatar_1-256x256.png 2x' class='avatar avatar-128 photo' height='128' width='128' \/>\t\t<\/div>\n\t\t\t\t<div class=\"elementor-post__text\">\n\t\t\t\t<h3 class=\"elementor-post__title\">\n\t\t\t<a href=\"https:\/\/lp.tropilha.com.br\/?p=214\" >\n\t\t\t\tChurrascaria em Curitiba: Conhe\u00e7a o menu completo da Tropilha\t\t\t<\/a>\n\t\t<\/h3>\n\t\t\t\t<div class=\"elementor-post__excerpt\">\n\t\t\t<p>Se voc\u00ea est\u00e1 procurando uma churrascaria em Curitiba com um menu variado e completo, a Tropilha \u00e9 uma das op\u00e7\u00f5es mais tradicionais da cidade. O<\/p>\n\t\t<\/div>\n\t\t\n\t\t<a class=\"elementor-post__read-more\" href=\"https:\/\/lp.tropilha.com.br\/?p=214\" aria-label=\"Leia mais sobre Churrascaria em Curitiba: Conhe\u00e7a o menu completo da Tropilha\" tabindex=\"-1\" >\n\t\t\tLeia mais \u00bb\t\t<\/a>\n\n\t\t\t\t<\/div>\n\t\t\t\t<div class=\"elementor-post__meta-data\">\n\t\t\t\t\t<span class=\"elementor-post-date\">\n\t\t\tmar\u00e7o 10, 2026\t\t<\/span>\n\t\t\t\t<span class=\"elementor-post-avatar\">\n\t\t\tNenhum coment\u00e1rio\t\t<\/span>\n\t\t\t\t<\/div>\n\t\t\t\t\t<\/div>\n\t\t<\/article>\n\t\t\t\t<article class=\"elementor-post elementor-grid-item post-211 post type-post status-publish format-standard has-post-thumbnail hentry category-posts category-rodizio tag-melhor-churrascaria-curitiba tag-melhor-corte-de-carne tag-melhor-rodizio-de-carne tag-melhores-cortes-de-carne tag-melhores-cortes-de-carne-no-rodizio-em-curitiba tag-rodizio-em-curitiba\" role=\"listitem\">\n\t\t\t<div class=\"elementor-post__card\">\n\t\t\t\t<a class=\"elementor-post__thumbnail__link\" href=\"https:\/\/lp.tropilha.com.br\/?p=211\" tabindex=\"-1\" ><div class=\"elementor-post__thumbnail\"><img loading=\"lazy\" decoding=\"async\" width=\"300\" height=\"235\" src=\"https:\/\/lp.tropilha.com.br\/wp-content\/uploads\/2025\/12\/s-300x235.webp\" class=\"attachment-medium size-medium wp-image-105\" alt=\"Melhores cortes de carne rod\u00edzio\" srcset=\"https:\/\/lp.tropilha.com.br\/wp-content\/uploads\/2025\/12\/s-300x235.webp 300w, https:\/\/lp.tropilha.com.br\/wp-content\/uploads\/2025\/12\/s-768x601.webp 768w, https:\/\/lp.tropilha.com.br\/wp-content\/uploads\/2025\/12\/s.webp 1000w\" sizes=\"(max-width: 300px) 100vw, 300px\" \/><\/div><\/a>\n\t\t\t\t<div class=\"elementor-post__avatar\">\n\t\t\t<img alt='HSG' src='https:\/\/lp.tropilha.com.br\/wp-content\/uploads\/2026\/01\/hsg_avatar_1-128x128.png' srcset='https:\/\/lp.tropilha.com.br\/wp-content\/uploads\/2026\/01\/hsg_avatar_1-256x256.png 2x' class='avatar avatar-128 photo' height='128' width='128' \/>\t\t<\/div>\n\t\t\t\t<div class=\"elementor-post__text\">\n\t\t\t\t<h3 class=\"elementor-post__title\">\n\t\t\t<a href=\"https:\/\/lp.tropilha.com.br\/?p=211\" >\n\t\t\t\tMelhores cortes de carne no rod\u00edzio em Curitiba: Guia completo\t\t\t<\/a>\n\t\t<\/h3>\n\t\t\t\t<div class=\"elementor-post__excerpt\">\n\t\t\t<p>Os melhores cortes de carne no rod\u00edzio em Curitiba s\u00e3o picanha, ancho, alcatra, maminha, fraldinha, costela e cupim, al\u00e9m de cortes especiais como prime rib<\/p>\n\t\t<\/div>\n\t\t\n\t\t<a class=\"elementor-post__read-more\" href=\"https:\/\/lp.tropilha.com.br\/?p=211\" aria-label=\"Leia mais sobre Melhores cortes de carne no rod\u00edzio em Curitiba: Guia completo\" tabindex=\"-1\" >\n\t\t\tLeia mais \u00bb\t\t<\/a>\n\n\t\t\t\t<\/div>\n\t\t\t\t<div class=\"elementor-post__meta-data\">\n\t\t\t\t\t<span class=\"elementor-post-date\">\n\t\t\tfevereiro 20, 2026\t\t<\/span>\n\t\t\t\t<span class=\"elementor-post-avatar\">\n\t\t\tNenhum coment\u00e1rio\t\t<\/span>\n\t\t\t\t<\/div>\n\t\t\t\t\t<\/div>\n\t\t<\/article>\n\t\t\t\t<article class=\"elementor-post elementor-grid-item post-207 post type-post status-publish format-standard has-post-thumbnail hentry category-aniversario category-posts category-rodizio tag-melhor-churrascaria-para-aniversario-em-curitiba-2 tag-melhor-churrascaria-para-comemorar-em-curitiba tag-melhor-churrascaria-para-confraternizacao-em-curitiba tag-melhor-churrascaria-para-datas-comemorativas-em-curitiba tag-melhor-restaurante-para-comemorar-em-curitiba tag-restaurante-para-comemorar-aniversario-em-curitiba tag-rodizio-para-aniversario-curitiba tag-rodizio-para-confraternizacao-em-curitiba\" role=\"listitem\">\n\t\t\t<div class=\"elementor-post__card\">\n\t\t\t\t<a class=\"elementor-post__thumbnail__link\" href=\"https:\/\/lp.tropilha.com.br\/?p=207\" tabindex=\"-1\" ><div class=\"elementor-post__thumbnail\"><img loading=\"lazy\" decoding=\"async\" width=\"281\" height=\"300\" src=\"https:\/\/lp.tropilha.com.br\/wp-content\/uploads\/2025\/12\/Captura-de-tela-2025-12-17-221712-281x300.png\" class=\"attachment-medium size-medium wp-image-15\" alt=\"Melhor churrascaria para anivers\u00e1rio em Curitiba\" srcset=\"https:\/\/lp.tropilha.com.br\/wp-content\/uploads\/2025\/12\/Captura-de-tela-2025-12-17-221712-281x300.png 281w, https:\/\/lp.tropilha.com.br\/wp-content\/uploads\/2025\/12\/Captura-de-tela-2025-12-17-221712.png 556w\" sizes=\"(max-width: 281px) 100vw, 281px\" \/><\/div><\/a>\n\t\t\t\t<div class=\"elementor-post__avatar\">\n\t\t\t<img alt='HSG' src='https:\/\/lp.tropilha.com.br\/wp-content\/uploads\/2026\/01\/hsg_avatar_1-128x128.png' srcset='https:\/\/lp.tropilha.com.br\/wp-content\/uploads\/2026\/01\/hsg_avatar_1-256x256.png 2x' class='avatar avatar-128 photo' height='128' width='128' \/>\t\t<\/div>\n\t\t\t\t<div class=\"elementor-post__text\">\n\t\t\t\t<h3 class=\"elementor-post__title\">\n\t\t\t<a href=\"https:\/\/lp.tropilha.com.br\/?p=207\" >\n\t\t\t\tMelhor churrascaria para comemorar anivers\u00e1rio em Curitiba\t\t\t<\/a>\n\t\t<\/h3>\n\t\t\t\t<div class=\"elementor-post__excerpt\">\n\t\t\t<p>A melhor churrascaria para comemorar anivers\u00e1rio em Curitiba \u00e9 aquela que oferece carnes de qualidade, rod\u00edzio completo, ambiente confort\u00e1vel para grupos, atendimento atencioso e estrutura<\/p>\n\t\t<\/div>\n\t\t\n\t\t<a class=\"elementor-post__read-more\" href=\"https:\/\/lp.tropilha.com.br\/?p=207\" aria-label=\"Leia mais sobre Melhor churrascaria para comemorar anivers\u00e1rio em Curitiba\" tabindex=\"-1\" >\n\t\t\tLeia mais \u00bb\t\t<\/a>\n\n\t\t\t\t<\/div>\n\t\t\t\t<div class=\"elementor-post__meta-data\">\n\t\t\t\t\t<span class=\"elementor-post-date\">\n\t\t\tfevereiro 2, 2026\t\t<\/span>\n\t\t\t\t<span class=\"elementor-post-avatar\">\n\t\t\tNenhum coment\u00e1rio\t\t<\/span>\n\t\t\t\t<\/div>\n\t\t\t\t\t<\/div>\n\t\t<\/article>\n\t\t\t\t<article class=\"elementor-post elementor-grid-item post-193 post type-post status-publish format-standard has-post-thumbnail hentry category-posts category-rodizio tag-carnes-nobres-curitiba tag-churrascaria-com-melhor-custo-beneficio tag-churrascaria-curitiba tag-churrascaria-rodizio-curitiba tag-melhor-churrascaria-curitiba tag-melhor-rodizio-de-carne tag-rodizio-bom-e-barato-em-curitiba tag-rodizio-curitiba\" role=\"listitem\">\n\t\t\t<div class=\"elementor-post__card\">\n\t\t\t\t<a class=\"elementor-post__thumbnail__link\" href=\"https:\/\/lp.tropilha.com.br\/?p=193\" tabindex=\"-1\" ><div class=\"elementor-post__thumbnail\"><img loading=\"lazy\" decoding=\"async\" width=\"169\" height=\"300\" src=\"https:\/\/lp.tropilha.com.br\/wp-content\/uploads\/2026\/01\/picanha_tropilha-169x300.jpg\" class=\"attachment-medium size-medium wp-image-198\" alt=\"Carnes nobres na Churrascaria Tropilha Curitiba\" srcset=\"https:\/\/lp.tropilha.com.br\/wp-content\/uploads\/2026\/01\/picanha_tropilha-169x300.jpg 169w, https:\/\/lp.tropilha.com.br\/wp-content\/uploads\/2026\/01\/picanha_tropilha-576x1024.jpg 576w, https:\/\/lp.tropilha.com.br\/wp-content\/uploads\/2026\/01\/picanha_tropilha-768x1365.jpg 768w, https:\/\/lp.tropilha.com.br\/wp-content\/uploads\/2026\/01\/picanha_tropilha-864x1536.jpg 864w, https:\/\/lp.tropilha.com.br\/wp-content\/uploads\/2026\/01\/picanha_tropilha-1152x2048.jpg 1152w, https:\/\/lp.tropilha.com.br\/wp-content\/uploads\/2026\/01\/picanha_tropilha-scaled.jpg 1440w\" sizes=\"(max-width: 169px) 100vw, 169px\" \/><\/div><\/a>\n\t\t\t\t<div class=\"elementor-post__avatar\">\n\t\t\t<img alt='HSG' src='https:\/\/lp.tropilha.com.br\/wp-content\/uploads\/2026\/01\/hsg_avatar_1-128x128.png' srcset='https:\/\/lp.tropilha.com.br\/wp-content\/uploads\/2026\/01\/hsg_avatar_1-256x256.png 2x' class='avatar avatar-128 photo' height='128' width='128' \/>\t\t<\/div>\n\t\t\t\t<div class=\"elementor-post__text\">\n\t\t\t\t<h3 class=\"elementor-post__title\">\n\t\t\t<a href=\"https:\/\/lp.tropilha.com.br\/?p=193\" >\n\t\t\t\tRod\u00edzio bom e barato em Curitiba: o que define se um rod\u00edzio vale a pena\t\t\t<\/a>\n\t\t<\/h3>\n\t\t\t\t<div class=\"elementor-post__excerpt\">\n\t\t\t<p>Um rod\u00edzio bom e barato em Curitiba vale a pena quando oferece carnes de qualidade, boa frequ\u00eancia de servi\u00e7o, atendimento atencioso e pre\u00e7o justo, sem<\/p>\n\t\t<\/div>\n\t\t\n\t\t<a class=\"elementor-post__read-more\" href=\"https:\/\/lp.tropilha.com.br\/?p=193\" aria-label=\"Leia mais sobre Rod\u00edzio bom e barato em Curitiba: o que define se um rod\u00edzio vale a pena\" tabindex=\"-1\" >\n\t\t\tLeia mais \u00bb\t\t<\/a>\n\n\t\t\t\t<\/div>\n\t\t\t\t<div class=\"elementor-post__meta-data\">\n\t\t\t\t\t<span class=\"elementor-post-date\">\n\t\t\tjaneiro 13, 2026\t\t<\/span>\n\t\t\t\t<span class=\"elementor-post-avatar\">\n\t\t\tNenhum coment\u00e1rio\t\t<\/span>\n\t\t\t\t<\/div>\n\t\t\t\t\t<\/div>\n\t\t<\/article>\n\t\t\t\t<\/div>\n\t\t\n\t\t\t\t\t\t<\/div>\n\t\t\t\t<\/div>\n\t\t\t\t\t<\/div>\n\t\t\t\t<\/div>\n\t\t\t\t<\/div>\n\t\t","protected":false},"excerpt":{"rendered":"<p>Blog<\/p>\n","protected":false},"author":1,"featured_media":0,"parent":0,"menu_order":0,"comment_status":"closed","ping_status":"closed","template":"","meta":{"footnotes":""},"class_list":["post-157","page","type-page","status-publish","hentry"],"yoast_head":"<!-- This site is optimized with the Yoast SEO Premium plugin v26.7 (Yoast SEO v26.7) - https:\/\/yoast.com\/wordpress\/plugins\/seo\/ -->\n<title>Blog - Tropilha<\/title>\n<meta name=\"robots\" content=\"index, follow, max-snippet:-1, max-image-preview:large, max-video-preview:-1\" \/>\n<link rel=\"canonical\" href=\"https:\/\/lp.tropilha.com.br\/?page_id=157\" \/>\n<meta property=\"og:locale\" content=\"pt_BR\" \/>\n<meta property=\"og:type\" content=\"article\" \/>\n<meta property=\"og:title\" content=\"Blog\" \/>\n<meta property=\"og:description\" content=\"Blog\" \/>\n<meta property=\"og:url\" content=\"https:\/\/lp.tropilha.com.br\/?page_id=157\" \/>\n<meta property=\"og:site_name\" content=\"Tropilha\" \/>\n<meta property=\"article:modified_time\" content=\"2025-12-19T18:06:29+00:00\" \/>\n<meta name=\"twitter:card\" content=\"summary_large_image\" \/>\n<script type=\"application\/ld+json\" class=\"yoast-schema-graph\">{\"@context\":\"https:\/\/schema.org\",\"@graph\":[{\"@type\":\"WebPage\",\"@id\":\"https:\/\/lp.tropilha.com.br\/?page_id=157\",\"url\":\"https:\/\/lp.tropilha.com.br\/?page_id=157\",\"name\":\"Blog - Tropilha\",\"isPartOf\":{\"@id\":\"https:\/\/lp.tropilha.com.br\/#website\"},\"datePublished\":\"2025-12-19T17:55:59+00:00\",\"dateModified\":\"2025-12-19T18:06:29+00:00\",\"breadcrumb\":{\"@id\":\"https:\/\/lp.tropilha.com.br\/?page_id=157#breadcrumb\"},\"inLanguage\":\"pt-BR\",\"potentialAction\":[{\"@type\":\"ReadAction\",\"target\":[\"https:\/\/lp.tropilha.com.br\/?page_id=157\"]}]},{\"@type\":\"BreadcrumbList\",\"@id\":\"https:\/\/lp.tropilha.com.br\/?page_id=157#breadcrumb\",\"itemListElement\":[{\"@type\":\"ListItem\",\"position\":1,\"name\":\"In\u00edcio\",\"item\":\"https:\/\/lp.tropilha.com.br\/\"},{\"@type\":\"ListItem\",\"position\":2,\"name\":\"Blog\"}]},{\"@type\":\"WebSite\",\"@id\":\"https:\/\/lp.tropilha.com.br\/#website\",\"url\":\"https:\/\/lp.tropilha.com.br\/\",\"name\":\"Tropilha\",\"description\":\"\",\"potentialAction\":[{\"@type\":\"SearchAction\",\"target\":{\"@type\":\"EntryPoint\",\"urlTemplate\":\"https:\/\/lp.tropilha.com.br\/?s={search_term_string}\"},\"query-input\":{\"@type\":\"PropertyValueSpecification\",\"valueRequired\":true,\"valueName\":\"search_term_string\"}}],\"inLanguage\":\"pt-BR\"}]}<\/script>\n<!-- \/ Yoast SEO Premium plugin. -->","yoast_head_json":{"title":"Blog - Tropilha","robots":{"index":"index","follow":"follow","max-snippet":"max-snippet:-1","max-image-preview":"max-image-preview:large","max-video-preview":"max-video-preview:-1"},"canonical":"https:\/\/lp.tropilha.com.br\/?page_id=157","og_locale":"pt_BR","og_type":"article","og_title":"Blog","og_description":"Blog","og_url":"https:\/\/lp.tropilha.com.br\/?page_id=157","og_site_name":"Tropilha","article_modified_time":"2025-12-19T18:06:29+00:00","twitter_card":"summary_large_image","schema":{"@context":"https:\/\/schema.org","@graph":[{"@type":"WebPage","@id":"https:\/\/lp.tropilha.com.br\/?page_id=157","url":"https:\/\/lp.tropilha.com.br\/?page_id=157","name":"Blog - Tropilha","isPartOf":{"@id":"https:\/\/lp.tropilha.com.br\/#website"},"datePublished":"2025-12-19T17:55:59+00:00","dateModified":"2025-12-19T18:06:29+00:00","breadcrumb":{"@id":"https:\/\/lp.tropilha.com.br\/?page_id=157#breadcrumb"},"inLanguage":"pt-BR","potentialAction":[{"@type":"ReadAction","target":["https:\/\/lp.tropilha.com.br\/?page_id=157"]}]},{"@type":"BreadcrumbList","@id":"https:\/\/lp.tropilha.com.br\/?page_id=157#breadcrumb","itemListElement":[{"@type":"ListItem","position":1,"name":"In\u00edcio","item":"https:\/\/lp.tropilha.com.br\/"},{"@type":"ListItem","position":2,"name":"Blog"}]},{"@type":"WebSite","@id":"https:\/\/lp.tropilha.com.br\/#website","url":"https:\/\/lp.tropilha.com.br\/","name":"Tropilha","description":"","potentialAction":[{"@type":"SearchAction","target":{"@type":"EntryPoint","urlTemplate":"https:\/\/lp.tropilha.com.br\/?s={search_term_string}"},"query-input":{"@type":"PropertyValueSpecification","valueRequired":true,"valueName":"search_term_string"}}],"inLanguage":"pt-BR"}]}},"_links":{"self":[{"href":"https:\/\/lp.tropilha.com.br\/index.php?rest_route=\/wp\/v2\/pages\/157","targetHints":{"allow":["GET"]}}],"collection":[{"href":"https:\/\/lp.tropilha.com.br\/index.php?rest_route=\/wp\/v2\/pages"}],"about":[{"href":"https:\/\/lp.tropilha.com.br\/index.php?rest_route=\/wp\/v2\/types\/page"}],"author":[{"embeddable":true,"href":"https:\/\/lp.tropilha.com.br\/index.php?rest_route=\/wp\/v2\/users\/1"}],"replies":[{"embeddable":true,"href":"https:\/\/lp.tropilha.com.br\/index.php?rest_route=%2Fwp%2Fv2%2Fcomments&post=157"}],"version-history":[{"count":10,"href":"https:\/\/lp.tropilha.com.br\/index.php?rest_route=\/wp\/v2\/pages\/157\/revisions"}],"predecessor-version":[{"id":168,"href":"https:\/\/lp.tropilha.com.br\/index.php?rest_route=\/wp\/v2\/pages\/157\/revisions\/168"}],"wp:attachment":[{"href":"https:\/\/lp.tropilha.com.br\/index.php?rest_route=%2Fwp%2Fv2%2Fmedia&parent=157"}],"curies":[{"name":"wp","href":"https:\/\/api.w.org\/{rel}","templated":true}]}}